{"id":15,"date":"2025-11-08T14:44:08","date_gmt":"2025-11-08T13:44:08","guid":{"rendered":"https:\/\/lesquatzarts.com\/?page_id=15"},"modified":"2025-11-27T19:08:18","modified_gmt":"2025-11-27T18:08:18","slug":"a-propos-de","status":"publish","type":"page","link":"https:\/\/lesquatzarts.com\/index.php\/a-propos-de\/","title":{"rendered":"Nos coups de c\u0153ur livres"},"content":{"rendered":"\n<h2 class=\"wp-block-heading\"><em>L&rsquo;homme qui plantait des arbres<\/em><\/h2>\n\n\n\n<figure class=\"wp-block-image size-large is-resized\"><img loading=\"lazy\" decoding=\"async\" width=\"793\" height=\"1024\" src=\"https:\/\/lesquatzarts.com\/wp-content\/uploads\/2025\/11\/files-793x1024.jpg\" alt=\"\" class=\"wp-image-117\" style=\"width:304px;height:auto\" srcset=\"https:\/\/lesquatzarts.com\/wp-content\/uploads\/2025\/11\/files-793x1024.jpg 793w, https:\/\/lesquatzarts.com\/wp-content\/uploads\/2025\/11\/files-232x300.jpg 232w, https:\/\/lesquatzarts.com\/wp-content\/uploads\/2025\/11\/files-768x992.jpg 768w, https:\/\/lesquatzarts.com\/wp-content\/uploads\/2025\/11\/files-1189x1536.jpg 1189w, https:\/\/lesquatzarts.com\/wp-content\/uploads\/2025\/11\/files.jpg 1477w\" sizes=\"auto, (max-width: 706px) 89vw, (max-width: 767px) 82vw, 740px\" \/><\/figure>\n\n\n\n<p>Un chant de r\u00e9conciliation entre l&rsquo;homme et la nature, illustr\u00e9 avec brio par la talentueuse Eva Jospin.<\/p>\n\n\n\n<h2 class=\"wp-block-heading\"><em>Suzanne Valadon sans concession<\/em><\/h2>\n\n\n\n<figure class=\"wp-block-image size-full is-resized\"><img loading=\"lazy\" decoding=\"async\" width=\"403\" height=\"509\" src=\"https:\/\/lesquatzarts.com\/wp-content\/uploads\/2025\/11\/Capture-decran-2025-11-16-a-15.49.37.png\" alt=\"\" class=\"wp-image-130\" style=\"width:308px;height:auto\" srcset=\"https:\/\/lesquatzarts.com\/wp-content\/uploads\/2025\/11\/Capture-decran-2025-11-16-a-15.49.37.png 403w, https:\/\/lesquatzarts.com\/wp-content\/uploads\/2025\/11\/Capture-decran-2025-11-16-a-15.49.37-238x300.png 238w\" sizes=\"auto, (max-width: 403px) 100vw, 403px\" \/><\/figure>\n\n\n\n<p>Une biographie illustr\u00e9e \u00e0 d\u00e9vorer absolument ! Une plume fluide qui d\u00e9roule l&rsquo;extraordinaire parcours de l&rsquo;artiste.<\/p>\n\n\n\n<h2 class=\"wp-block-heading\"><em>Love Song<\/em> de Jane Sanderson<\/h2>\n\n\n\n<figure class=\"wp-block-image size-full is-resized\"><img loading=\"lazy\" decoding=\"async\" width=\"395\" height=\"657\" src=\"https:\/\/lesquatzarts.com\/wp-content\/uploads\/2025\/11\/Capture-decran-2025-11-18-a-16.14.02.png\" alt=\"\" class=\"wp-image-140\" style=\"width:310px;height:auto\" srcset=\"https:\/\/lesquatzarts.com\/wp-content\/uploads\/2025\/11\/Capture-decran-2025-11-18-a-16.14.02.png 395w, https:\/\/lesquatzarts.com\/wp-content\/uploads\/2025\/11\/Capture-decran-2025-11-18-a-16.14.02-180x300.png 180w\" sizes=\"auto, (max-width: 395px) 100vw, 395px\" \/><\/figure>\n\n\n\n<p>Un magnifique roman. De l&rsquo;amour, de la nostalgie, de la musique&#8230; un trio pour que tourbillonne la vie ! Un adn commun aux Quat&rsquo;z&rsquo;arts. <\/p>\n\n\n\n<h2 class=\"wp-block-heading\"><em>La mort dans tous ses \u00e9tats<\/em> de Vincent Wackenheim<\/h2>\n\n\n\n<figure class=\"wp-block-image size-large is-resized\"><img loading=\"lazy\" decoding=\"async\" width=\"716\" height=\"1024\" src=\"https:\/\/lesquatzarts.com\/wp-content\/uploads\/2025\/11\/Capture-decran-2025-11-19-a-14.08.22-716x1024.png\" alt=\"\" class=\"wp-image-146\" style=\"width:312px;height:auto\" srcset=\"https:\/\/lesquatzarts.com\/wp-content\/uploads\/2025\/11\/Capture-decran-2025-11-19-a-14.08.22-716x1024.png 716w, https:\/\/lesquatzarts.com\/wp-content\/uploads\/2025\/11\/Capture-decran-2025-11-19-a-14.08.22-210x300.png 210w, https:\/\/lesquatzarts.com\/wp-content\/uploads\/2025\/11\/Capture-decran-2025-11-19-a-14.08.22.png 726w\" sizes=\"auto, (max-width: 716px) 100vw, 716px\" \/><\/figure>\n\n\n\n<p>968 pages de danses macabres modernes, qui donnent \u00e0 voir,&nbsp; avec humour, ironie, po\u00e9sie, beaut\u00e9 et laideur, celle que l\u2019on refuse trop souvent de regarder en face.<\/p>\n\n\n\n<h2 class=\"wp-block-heading\"><em>Soie<\/em> d&rsquo;Alessandro Baricco illustr\u00e9 par R\u00e9becca Dautremer<\/h2>\n\n\n\n<figure class=\"wp-block-image size-full is-resized\"><img loading=\"lazy\" decoding=\"async\" width=\"784\" height=\"976\" src=\"https:\/\/lesquatzarts.com\/wp-content\/uploads\/2025\/11\/Capture-decran-2025-11-27-a-19.02.43.png\" alt=\"\" class=\"wp-image-158\" style=\"width:315px;height:auto\" srcset=\"https:\/\/lesquatzarts.com\/wp-content\/uploads\/2025\/11\/Capture-decran-2025-11-27-a-19.02.43.png 784w, https:\/\/lesquatzarts.com\/wp-content\/uploads\/2025\/11\/Capture-decran-2025-11-27-a-19.02.43-241x300.png 241w, https:\/\/lesquatzarts.com\/wp-content\/uploads\/2025\/11\/Capture-decran-2025-11-27-a-19.02.43-768x956.png 768w\" sizes=\"auto, (max-width: 706px) 89vw, (max-width: 767px) 82vw, 740px\" \/><\/figure>\n\n\n\n<p>Quand R\u00e9becca Dautremer illustre le magnifique texte de Baricco, on obtient un bijou !<\/p>\n","protected":false},"excerpt":{"rendered":"<p>L&rsquo;homme qui plantait des arbres Un chant de r\u00e9conciliation entre l&rsquo;homme et la nature, illustr\u00e9 avec brio par la talentueuse Eva Jospin. Suzanne Valadon sans concession Une biographie illustr\u00e9e \u00e0 d\u00e9vorer absolument ! Une plume fluide qui d\u00e9roule l&rsquo;extraordinaire parcours de l&rsquo;artiste. Love Song de Jane Sanderson Un magnifique roman. De l&rsquo;amour, de la nostalgie, &hellip; <\/p>\n<p class=\"link-more\"><a href=\"https:\/\/lesquatzarts.com\/index.php\/a-propos-de\/\" class=\"more-link\">Continuer la lecture<span class=\"screen-reader-text\"> de &laquo;&nbsp;Nos coups de c\u0153ur livres&nbsp;&raquo;<\/span><\/a><\/p>\n","protected":false},"author":1,"featured_media":0,"parent":0,"menu_order":0,"comment_status":"closed","ping_status":"closed","template":"","meta":{"footnotes":""},"class_list":["post-15","page","type-page","status-publish","hentry"],"_links":{"self":[{"href":"https:\/\/lesquatzarts.com\/index.php\/wp-json\/wp\/v2\/pages\/15","targetHints":{"allow":["GET"]}}],"collection":[{"href":"https:\/\/lesquatzarts.com\/index.php\/wp-json\/wp\/v2\/pages"}],"about":[{"href":"https:\/\/lesquatzarts.com\/index.php\/wp-json\/wp\/v2\/types\/page"}],"author":[{"embeddable":true,"href":"https:\/\/lesquatzarts.com\/index.php\/wp-json\/wp\/v2\/users\/1"}],"replies":[{"embeddable":true,"href":"https:\/\/lesquatzarts.com\/index.php\/wp-json\/wp\/v2\/comments?post=15"}],"version-history":[{"count":10,"href":"https:\/\/lesquatzarts.com\/index.php\/wp-json\/wp\/v2\/pages\/15\/revisions"}],"predecessor-version":[{"id":160,"href":"https:\/\/lesquatzarts.com\/index.php\/wp-json\/wp\/v2\/pages\/15\/revisions\/160"}],"wp:attachment":[{"href":"https:\/\/lesquatzarts.com\/index.php\/wp-json\/wp\/v2\/media?parent=15"}],"curies":[{"name":"wp","href":"https:\/\/api.w.org\/{rel}","templated":true}]}}