{"id":80,"date":"2025-11-08T15:36:15","date_gmt":"2025-11-08T14:36:15","guid":{"rendered":"https:\/\/lesquatzarts.com\/?page_id=80"},"modified":"2026-02-21T18:47:49","modified_gmt":"2026-02-21T17:47:49","slug":"nos-coups-de-coeur-disques","status":"publish","type":"page","link":"https:\/\/lesquatzarts.com\/index.php\/nos-coups-de-coeur-disques\/","title":{"rendered":"Nos coups de c\u0153ur disques"},"content":{"rendered":"\n<p><em>Cliquez sur la pochette pour \u00e9couter<\/em><\/p>\n\n\n\n<h2 class=\"wp-block-heading\"><strong>&nbsp;\u00ab Music by Stanley Kubi \u00bb<\/strong><\/h2>\n\n\n\n<div class=\"wp-block-media-text is-stacked-on-mobile is-vertically-aligned-center\" style=\"grid-template-columns:56% auto\"><figure class=\"wp-block-media-text__media\"><a href=\"https:\/\/www.youtube.com\/watch?v=Qs9wHeDT6NA&amp;list=RDEMnGtBww5Gyt5flhyzDFQGDw&amp;start_radio=1\"><img loading=\"lazy\" decoding=\"async\" width=\"600\" height=\"600\" src=\"https:\/\/lesquatzarts.com\/wp-content\/uploads\/2025\/11\/R-3680244-1597428959-2062.jpg\" alt=\"\" class=\"wp-image-104 size-full\" srcset=\"https:\/\/lesquatzarts.com\/wp-content\/uploads\/2025\/11\/R-3680244-1597428959-2062.jpg 600w, https:\/\/lesquatzarts.com\/wp-content\/uploads\/2025\/11\/R-3680244-1597428959-2062-300x300.jpg 300w, https:\/\/lesquatzarts.com\/wp-content\/uploads\/2025\/11\/R-3680244-1597428959-2062-150x150.jpg 150w, https:\/\/lesquatzarts.com\/wp-content\/uploads\/2025\/11\/R-3680244-1597428959-2062-100x100.jpg 100w\" sizes=\"auto, (max-width: 600px) 100vw, 600px\" \/><\/a><\/figure><div class=\"wp-block-media-text__content\">\n<p><\/p>\n<\/div><\/div>\n\n\n\n<p>Jazz-core bien d\u00e9jant\u00e9 des <em>Stanley Kubi<\/em>, de retour cette ann\u00e9e apr\u00e8s une longue absence. Cet unique album est sorti \u00e0 l\u2019\u00e9poque sur l\u2019excellent label aNGRr (en co-r\u00e9alisation avec TCWTGA), aka Madame Macario, in\u00e9branlable activiste de la sc\u00e8ne musicale autonome.<\/p>\n\n\n\n<h2 class=\"wp-block-heading\"><strong>\u00ab&nbsp;Explosion in your soul&nbsp;\u00bb<\/strong><\/h2>\n\n\n\n<figure class=\"wp-block-image size-full is-resized\"><a href=\"https:\/\/www.youtube.com\/watch?v=hmBlmXU6_0Q&amp;list=RDhmBlmXU6_0Q&amp;start_radio=1\"><img loading=\"lazy\" decoding=\"async\" width=\"445\" height=\"440\" src=\"https:\/\/lesquatzarts.com\/wp-content\/uploads\/2025\/11\/Capture-decran-2025-11-13-a-18.24.56-1.png\" alt=\"\" class=\"wp-image-112\" style=\"width:328px;height:auto\" srcset=\"https:\/\/lesquatzarts.com\/wp-content\/uploads\/2025\/11\/Capture-decran-2025-11-13-a-18.24.56-1.png 445w, https:\/\/lesquatzarts.com\/wp-content\/uploads\/2025\/11\/Capture-decran-2025-11-13-a-18.24.56-1-300x297.png 300w, https:\/\/lesquatzarts.com\/wp-content\/uploads\/2025\/11\/Capture-decran-2025-11-13-a-18.24.56-1-100x100.png 100w\" sizes=\"auto, (max-width: 445px) 100vw, 445px\" \/><\/a><\/figure>\n\n\n\n<p>Nouvel album des prolifiques <em>Dum Dum Boys<\/em>, de l\u2019\u00e9nergie garage \u00e0 l\u2019\u00e9tat brut&nbsp;! Sorti chez Mono-Tone Records et Dangerhouse Skylab, labels de r\u00e9f\u00e9rence pour les amateurs du genre.<\/p>\n\n\n\n<h2 class=\"wp-block-heading\"><strong>\u00ab&nbsp;Ask&nbsp;\u00bb<\/strong><\/h2>\n\n\n\n<figure class=\"wp-block-image size-large is-resized\"><a href=\"https:\/\/www.youtube.com\/watch?v=EYVLLedYF9c&amp;t=3s\"><img loading=\"lazy\" decoding=\"async\" width=\"1024\" height=\"1024\" src=\"https:\/\/lesquatzarts.com\/wp-content\/uploads\/2025\/11\/ALTIN-GUN-ASK-scaled-1-1024x1024.jpg\" alt=\"\" class=\"wp-image-113\" style=\"width:333px;height:auto\" srcset=\"https:\/\/lesquatzarts.com\/wp-content\/uploads\/2025\/11\/ALTIN-GUN-ASK-scaled-1-1024x1024.jpg 1024w, https:\/\/lesquatzarts.com\/wp-content\/uploads\/2025\/11\/ALTIN-GUN-ASK-scaled-1-300x300.jpg 300w, https:\/\/lesquatzarts.com\/wp-content\/uploads\/2025\/11\/ALTIN-GUN-ASK-scaled-1-150x150.jpg 150w, https:\/\/lesquatzarts.com\/wp-content\/uploads\/2025\/11\/ALTIN-GUN-ASK-scaled-1-768x768.jpg 768w, https:\/\/lesquatzarts.com\/wp-content\/uploads\/2025\/11\/ALTIN-GUN-ASK-scaled-1-1536x1536.jpg 1536w, https:\/\/lesquatzarts.com\/wp-content\/uploads\/2025\/11\/ALTIN-GUN-ASK-scaled-1-2048x2048.jpg 2048w, https:\/\/lesquatzarts.com\/wp-content\/uploads\/2025\/11\/ALTIN-GUN-ASK-scaled-1-100x100.jpg 100w\" sizes=\"auto, (max-width: 706px) 89vw, (max-width: 767px) 82vw, 740px\" \/><\/a><\/figure>\n\n\n\n<p>Dernier album en date des<strong> <\/strong>hypnotiques Altin G\u00fcn. Pop folk psych\u00e9d\u00e9lique inspir\u00e9 par la musique turque, sorti chez Glitterbeat, sp\u00e9cialiste des musiques du monde<strong>.<\/strong><\/p>\n\n\n\n<h2 class=\"wp-block-heading\"><strong>\u00ab&nbsp;Carmen 404 \u00bb<\/strong><\/h2>\n\n\n\n<figure class=\"wp-block-image size-full is-resized\"><a href=\"https:\/\/www.youtube.com\/watch?v=3U3dD9gUfiM\"><img loading=\"lazy\" decoding=\"async\" width=\"400\" height=\"400\" src=\"https:\/\/lesquatzarts.com\/wp-content\/uploads\/2025\/11\/Carmen-404.jpg\" alt=\"\" class=\"wp-image-133\" style=\"width:332px;height:auto\" srcset=\"https:\/\/lesquatzarts.com\/wp-content\/uploads\/2025\/11\/Carmen-404.jpg 400w, https:\/\/lesquatzarts.com\/wp-content\/uploads\/2025\/11\/Carmen-404-300x300.jpg 300w, https:\/\/lesquatzarts.com\/wp-content\/uploads\/2025\/11\/Carmen-404-150x150.jpg 150w, https:\/\/lesquatzarts.com\/wp-content\/uploads\/2025\/11\/Carmen-404-100x100.jpg 100w\" sizes=\"auto, (max-width: 400px) 100vw, 400px\" \/><\/a><\/figure>\n\n\n\n<p>Sorti chez Airfono, ce quatri\u00e8me album de <em>Lolomis<\/em> est une p\u00e9pite inclassable, entre post punk, \u00e9lectro et musiques balkaniques.<\/p>\n\n\n\n<h2 class=\"wp-block-heading\"><strong>\u00ab&nbsp;L\u2019ombre sur la mesure&nbsp;\u00bb<\/strong><\/h2>\n\n\n\n<figure class=\"wp-block-image size-large is-resized\"><a href=\"https:\/\/www.youtube.com\/watch?v=zriN4rG-9hY\"><img loading=\"lazy\" decoding=\"async\" width=\"1024\" height=\"1024\" src=\"https:\/\/lesquatzarts.com\/wp-content\/uploads\/2025\/11\/la-rumeur-1024x1024.jpg\" alt=\"\" class=\"wp-image-134\" style=\"width:326px;height:auto\" srcset=\"https:\/\/lesquatzarts.com\/wp-content\/uploads\/2025\/11\/la-rumeur-1024x1024.jpg 1024w, https:\/\/lesquatzarts.com\/wp-content\/uploads\/2025\/11\/la-rumeur-300x300.jpg 300w, https:\/\/lesquatzarts.com\/wp-content\/uploads\/2025\/11\/la-rumeur-150x150.jpg 150w, https:\/\/lesquatzarts.com\/wp-content\/uploads\/2025\/11\/la-rumeur-768x768.jpg 768w, https:\/\/lesquatzarts.com\/wp-content\/uploads\/2025\/11\/la-rumeur-100x100.jpg 100w, https:\/\/lesquatzarts.com\/wp-content\/uploads\/2025\/11\/la-rumeur.jpg 1200w\" sizes=\"auto, (max-width: 706px) 89vw, (max-width: 767px) 82vw, 740px\" \/><\/a><\/figure>\n\n\n\n<p>Enfin r\u00e9\u00e9dit\u00e9, le premier opus de <em>La Rumeur<\/em>. Retour aux sources contestataires du rap. Un diamant libertaire.<\/p>\n\n\n\n<h2 class=\"wp-block-heading\"><strong>\u00ab&nbsp;Ravage&nbsp;\u00bb<\/strong><\/h2>\n\n\n\n<figure class=\"wp-block-image size-full is-resized\"><a href=\"https:\/\/www.youtube.com\/watch?v=wi6lkGR3hX8\"><img loading=\"lazy\" decoding=\"async\" width=\"684\" height=\"638\" src=\"https:\/\/lesquatzarts.com\/wp-content\/uploads\/2025\/11\/Capture-decran-2025-11-16-a-16.24.58.png\" alt=\"\" class=\"wp-image-136\" style=\"width:329px;height:auto\" srcset=\"https:\/\/lesquatzarts.com\/wp-content\/uploads\/2025\/11\/Capture-decran-2025-11-16-a-16.24.58.png 684w, https:\/\/lesquatzarts.com\/wp-content\/uploads\/2025\/11\/Capture-decran-2025-11-16-a-16.24.58-300x280.png 300w\" sizes=\"auto, (max-width: 684px) 100vw, 684px\" \/><\/a><\/figure>\n\n\n\n<p>Anthony Laguerre \u00e0 la batterie, Bastien Pelenc et Mathieu Werchowski aux violons, viennent de sortir cet ovni noise magnifique chez Serotine Records.<\/p>\n\n\n\n<h2 class=\"wp-block-heading\"><strong>\u00ab&nbsp;Vous et nous \u00bb<\/strong><\/h2>\n\n\n\n<figure class=\"wp-block-image size-full\"><a href=\"https:\/\/www.youtube.com\/watch?v=9tP4gPBFDyw\"><img loading=\"lazy\" decoding=\"async\" width=\"340\" height=\"340\" src=\"https:\/\/lesquatzarts.com\/wp-content\/uploads\/2025\/11\/Vous-et-nous.jpg\" alt=\"\" class=\"wp-image-152\" srcset=\"https:\/\/lesquatzarts.com\/wp-content\/uploads\/2025\/11\/Vous-et-nous.jpg 340w, https:\/\/lesquatzarts.com\/wp-content\/uploads\/2025\/11\/Vous-et-nous-300x300.jpg 300w, https:\/\/lesquatzarts.com\/wp-content\/uploads\/2025\/11\/Vous-et-nous-150x150.jpg 150w, https:\/\/lesquatzarts.com\/wp-content\/uploads\/2025\/11\/Vous-et-nous-100x100.jpg 100w\" sizes=\"auto, (max-width: 340px) 100vw, 340px\" \/><\/a><\/figure>\n\n\n\n<p>Album incontournable du duo le plus po\u00e9tique et inclassable de la chanson made in France&nbsp;: <em>Brigitte Fontaine &amp; Areski Belkacem<\/em>.<\/p>\n\n\n\n<h2 class=\"wp-block-heading\"><strong>\u00ab&nbsp;Black Sunday&nbsp;: live at the Royal Albert Hall \u00bb<\/strong><\/h2>\n\n\n\n<figure class=\"wp-block-image size-large is-resized\"><a href=\"https:\/\/www.youtube.com\/watch?v=ufGGwYrPTso&amp;t=69s\"><img loading=\"lazy\" decoding=\"async\" width=\"1024\" height=\"1024\" src=\"https:\/\/lesquatzarts.com\/wp-content\/uploads\/2025\/11\/cypress-hill-london-1024x1024.jpg\" alt=\"\" class=\"wp-image-154\" style=\"width:342px;height:auto\" srcset=\"https:\/\/lesquatzarts.com\/wp-content\/uploads\/2025\/11\/cypress-hill-london-1024x1024.jpg 1024w, https:\/\/lesquatzarts.com\/wp-content\/uploads\/2025\/11\/cypress-hill-london-300x300.jpg 300w, https:\/\/lesquatzarts.com\/wp-content\/uploads\/2025\/11\/cypress-hill-london-150x150.jpg 150w, https:\/\/lesquatzarts.com\/wp-content\/uploads\/2025\/11\/cypress-hill-london-768x768.jpg 768w, https:\/\/lesquatzarts.com\/wp-content\/uploads\/2025\/11\/cypress-hill-london-100x100.jpg 100w, https:\/\/lesquatzarts.com\/wp-content\/uploads\/2025\/11\/cypress-hill-london.jpg 1280w\" sizes=\"auto, (max-width: 706px) 89vw, (max-width: 767px) 82vw, 740px\" \/><\/a><\/figure>\n\n\n\n<p>R\u00e9interpr\u00e9tation de l\u2019album mythique <em>Black Sunday<\/em> de <em>Cypress Hill<\/em> avec le <em>London Symphony Orchestra<\/em>&nbsp;: du grand art !<\/p>\n\n\n\n<h2 class=\"wp-block-heading\"><strong>\u00ab&nbsp;Un peu de l&rsquo;\u00e2me des bandits&nbsp;\u00bb<\/strong><\/h2>\n\n\n\n<figure class=\"wp-block-image size-full is-resized\"><a href=\"https:\/\/www.youtube.com\/watch?v=xOHJMxE-H7g&amp;t=3s\"><img loading=\"lazy\" decoding=\"async\" width=\"808\" height=\"774\" src=\"https:\/\/lesquatzarts.com\/wp-content\/uploads\/2025\/11\/aksak-maboul.jpg\" alt=\"\" class=\"wp-image-155\" style=\"width:338px;height:auto\" srcset=\"https:\/\/lesquatzarts.com\/wp-content\/uploads\/2025\/11\/aksak-maboul.jpg 808w, https:\/\/lesquatzarts.com\/wp-content\/uploads\/2025\/11\/aksak-maboul-300x287.jpg 300w, https:\/\/lesquatzarts.com\/wp-content\/uploads\/2025\/11\/aksak-maboul-768x736.jpg 768w\" sizes=\"auto, (max-width: 706px) 89vw, (max-width: 767px) 82vw, 740px\" \/><\/a><\/figure>\n\n\n\n<p>Deuxi\u00e8me opus des avant-gardistes belges <em>Aksak Maboul<\/em>, et premi\u00e8re pierre \u00e0 l\u2019\u00e9difice du label d\u00e9j\u00e0 culte Crammed Discs.<\/p>\n\n\n\n<h2 class=\"wp-block-heading\"><strong>\u00ab&nbsp;Spare Ass Annie and Other Tales \u00bb<\/strong><\/h2>\n\n\n\n<figure class=\"wp-block-image size-full is-resized\"><a href=\"https:\/\/www.youtube.com\/watch?v=MzZa31-rtGU\"><img loading=\"lazy\" decoding=\"async\" width=\"225\" height=\"224\" src=\"https:\/\/lesquatzarts.com\/wp-content\/uploads\/2025\/12\/william-burroughs.jpg\" alt=\"\" class=\"wp-image-173\" style=\"width:341px;height:auto\" srcset=\"https:\/\/lesquatzarts.com\/wp-content\/uploads\/2025\/12\/william-burroughs.jpg 225w, https:\/\/lesquatzarts.com\/wp-content\/uploads\/2025\/12\/william-burroughs-150x150.jpg 150w, https:\/\/lesquatzarts.com\/wp-content\/uploads\/2025\/12\/william-burroughs-100x100.jpg 100w\" sizes=\"auto, (max-width: 225px) 100vw, 225px\" \/><\/a><\/figure>\n\n\n\n<p>Belle collaboration entre William S. Burroughs et les rappers de Disposable Heroes of Hiphoprisy, sur l\u2019\u00e9ph\u00e9m\u00e8re label Beatnik Archives.<\/p>\n\n\n\n<h2 class=\"wp-block-heading\"><strong>\u00ab&nbsp;2 \u00bb<\/strong><\/h2>\n\n\n\n<figure class=\"wp-block-image size-large is-resized\"><a href=\"https:\/\/www.youtube.com\/watch?v=5TimO5G_Vrk\"><img loading=\"lazy\" decoding=\"async\" width=\"1024\" height=\"1024\" src=\"https:\/\/lesquatzarts.com\/wp-content\/uploads\/2025\/12\/yallah-miku-1024x1024.jpg\" alt=\"\" class=\"wp-image-175\" style=\"width:350px;height:auto\" srcset=\"https:\/\/lesquatzarts.com\/wp-content\/uploads\/2025\/12\/yallah-miku-1024x1024.jpg 1024w, https:\/\/lesquatzarts.com\/wp-content\/uploads\/2025\/12\/yallah-miku-300x300.jpg 300w, https:\/\/lesquatzarts.com\/wp-content\/uploads\/2025\/12\/yallah-miku-150x150.jpg 150w, https:\/\/lesquatzarts.com\/wp-content\/uploads\/2025\/12\/yallah-miku-768x768.jpg 768w, https:\/\/lesquatzarts.com\/wp-content\/uploads\/2025\/12\/yallah-miku-100x100.jpg 100w, https:\/\/lesquatzarts.com\/wp-content\/uploads\/2025\/12\/yallah-miku.jpg 1200w\" sizes=\"auto, (max-width: 706px) 89vw, (max-width: 767px) 82vw, 740px\" \/><\/a><\/figure>\n\n\n\n<p>Yalla Miku livre un deuxi\u00e8me album riche en diversit\u00e9, entre musiques traditionnelles africaines et exp\u00e9riences \u00e9lectro, chez Les Disques Bongo Joe.<\/p>\n\n\n\n<h2 class=\"wp-block-heading\"><strong>\u00ab&nbsp;Couleur brique \u00bb<\/strong><\/h2>\n\n\n\n<figure class=\"wp-block-image size-large is-resized\"><a href=\"https:\/\/www.youtube.com\/watch?v=ED9abrli9fA&amp;list=PLqVOXTBjxpz5IRt7lf52u6VzyY1hm5l3N&amp;index=6\"><img loading=\"lazy\" decoding=\"async\" width=\"1024\" height=\"1024\" src=\"https:\/\/lesquatzarts.com\/wp-content\/uploads\/2025\/12\/Use-1024x1024.jpg\" alt=\"\" class=\"wp-image-177\" style=\"width:353px;height:auto\" srcset=\"https:\/\/lesquatzarts.com\/wp-content\/uploads\/2025\/12\/Use-1024x1024.jpg 1024w, https:\/\/lesquatzarts.com\/wp-content\/uploads\/2025\/12\/Use-300x300.jpg 300w, https:\/\/lesquatzarts.com\/wp-content\/uploads\/2025\/12\/Use-150x150.jpg 150w, https:\/\/lesquatzarts.com\/wp-content\/uploads\/2025\/12\/Use-768x768.jpg 768w, https:\/\/lesquatzarts.com\/wp-content\/uploads\/2025\/12\/Use-1536x1536.jpg 1536w, https:\/\/lesquatzarts.com\/wp-content\/uploads\/2025\/12\/Use-2048x2048.jpg 2048w, https:\/\/lesquatzarts.com\/wp-content\/uploads\/2025\/12\/Use-100x100.jpg 100w\" sizes=\"auto, (max-width: 706px) 89vw, (max-width: 767px) 82vw, 740px\" \/><\/a><\/figure>\n\n\n\n<p>Troisi\u00e8me album d&rsquo;Us\u00e9, \u00e0 la fois punk et lyrique dans sa splendide d\u00e9pression musicale, sorti chez le grand d\u00e9fricheur Born Bad Records.<\/p>\n\n\n\n<h2 class=\"wp-block-heading\"><strong>\u00ab Music \/ Sangam\u00a0\u00bb<\/strong><\/h2>\n\n\n\n<figure class=\"wp-block-image size-full is-resized\"><a href=\"https:\/\/www.youtube.com\/watch?v=-rknfpyT6mg\"><img loading=\"lazy\" decoding=\"async\" width=\"600\" height=\"600\" src=\"https:\/\/lesquatzarts.com\/wp-content\/uploads\/2026\/02\/don-cherry.jpg\" alt=\"\" class=\"wp-image-215\" style=\"width:352px;height:auto\" srcset=\"https:\/\/lesquatzarts.com\/wp-content\/uploads\/2026\/02\/don-cherry.jpg 600w, https:\/\/lesquatzarts.com\/wp-content\/uploads\/2026\/02\/don-cherry-300x300.jpg 300w, https:\/\/lesquatzarts.com\/wp-content\/uploads\/2026\/02\/don-cherry-150x150.jpg 150w, https:\/\/lesquatzarts.com\/wp-content\/uploads\/2026\/02\/don-cherry-100x100.jpg 100w\" sizes=\"auto, (max-width: 600px) 100vw, 600px\" \/><\/a><\/figure>\n\n\n\n<p>R\u00e9\u00e9dition chez Heavenly Sweetness de cet album enregistr\u00e9 en 1978 par Don Cherry &amp; Latif Khan\u00a0: rencontre du jazz et de la musique indienne, entre tablas, trompette, claviers et autres instruments\u2026 Magnifique\u00a0!<\/p>\n\n\n\n<h2 class=\"wp-block-heading\"><strong>\u00ab\u00a0EXPEKA\u00a0\u00bb<\/strong><\/h2>\n\n\n\n<figure class=\"wp-block-image size-full is-resized\"><a href=\"https:\/\/www.youtube.com\/watch?v=IQnQjs77S7c&amp;list=RDIQnQjs77S7c&amp;start_radio=1\"><img loading=\"lazy\" decoding=\"async\" width=\"340\" height=\"340\" src=\"https:\/\/lesquatzarts.com\/wp-content\/uploads\/2026\/02\/expeka.jpg\" alt=\"\" class=\"wp-image-218\" style=\"width:354px;height:auto\" srcset=\"https:\/\/lesquatzarts.com\/wp-content\/uploads\/2026\/02\/expeka.jpg 340w, https:\/\/lesquatzarts.com\/wp-content\/uploads\/2026\/02\/expeka-300x300.jpg 300w, https:\/\/lesquatzarts.com\/wp-content\/uploads\/2026\/02\/expeka-150x150.jpg 150w, https:\/\/lesquatzarts.com\/wp-content\/uploads\/2026\/02\/expeka-100x100.jpg 100w\" sizes=\"auto, (max-width: 340px) 100vw, 340px\" \/><\/a><\/figure>\n\n\n\n<p>Entre rap et musiques antillaises, un superbe projet, dans lequel on red\u00e9couvre le flow et les textes ac\u00e9r\u00e9s de Casey.<\/p>\n\n\n\n<h2 class=\"wp-block-heading\"><strong>\u00ab\u00a0Atlas(t) \u00bb<\/strong><\/h2>\n\n\n\n<figure class=\"wp-block-image size-full is-resized\"><a href=\"https:\/\/www.youtube.com\/watch?v=Gcmk6VqN4Ps\"><img loading=\"lazy\" decoding=\"async\" width=\"700\" height=\"700\" src=\"https:\/\/lesquatzarts.com\/wp-content\/uploads\/2026\/02\/PROLETER-.jpg\" alt=\"\" class=\"wp-image-219\" style=\"width:350px;height:auto\" srcset=\"https:\/\/lesquatzarts.com\/wp-content\/uploads\/2026\/02\/PROLETER-.jpg 700w, https:\/\/lesquatzarts.com\/wp-content\/uploads\/2026\/02\/PROLETER--300x300.jpg 300w, https:\/\/lesquatzarts.com\/wp-content\/uploads\/2026\/02\/PROLETER--150x150.jpg 150w, https:\/\/lesquatzarts.com\/wp-content\/uploads\/2026\/02\/PROLETER--100x100.jpg 100w\" sizes=\"auto, (max-width: 700px) 100vw, 700px\" \/><\/a><\/figure>\n\n\n\n<p>Le nouvel album du beatmaker ProleteR sorti chez Banza\u00ef Lab, nous embarque hors des cadres habituels du hip-hop, dans un voyage sonore empreint de toutes les musiques du monde, de l\u2019Asie \u00e0 l\u2019Afrique, en passant par l\u2019Am\u00e9rique du Sud.<\/p>\n\n\n\n<p><\/p>\n","protected":false},"excerpt":{"rendered":"<p>Cliquez sur la pochette pour \u00e9couter &nbsp;\u00ab Music by Stanley Kubi \u00bb Jazz-core bien d\u00e9jant\u00e9 des Stanley Kubi, de retour cette ann\u00e9e apr\u00e8s une longue absence. Cet unique album est sorti \u00e0 l\u2019\u00e9poque sur l\u2019excellent label aNGRr (en co-r\u00e9alisation avec TCWTGA), aka Madame Macario, in\u00e9branlable activiste de la sc\u00e8ne musicale autonome. \u00ab&nbsp;Explosion in your soul&nbsp;\u00bb &hellip; <\/p>\n<p class=\"link-more\"><a href=\"https:\/\/lesquatzarts.com\/index.php\/nos-coups-de-coeur-disques\/\" class=\"more-link\">Continuer la lecture<span class=\"screen-reader-text\"> de &laquo;&nbsp;Nos coups de c\u0153ur disques&nbsp;&raquo;<\/span><\/a><\/p>\n","protected":false},"author":1,"featured_media":0,"parent":0,"menu_order":0,"comment_status":"closed","ping_status":"closed","template":"","meta":{"footnotes":""},"class_list":["post-80","page","type-page","status-publish","hentry"],"_links":{"self":[{"href":"https:\/\/lesquatzarts.com\/index.php\/wp-json\/wp\/v2\/pages\/80","targetHints":{"allow":["GET"]}}],"collection":[{"href":"https:\/\/lesquatzarts.com\/index.php\/wp-json\/wp\/v2\/pages"}],"about":[{"href":"https:\/\/lesquatzarts.com\/index.php\/wp-json\/wp\/v2\/types\/page"}],"author":[{"embeddable":true,"href":"https:\/\/lesquatzarts.com\/index.php\/wp-json\/wp\/v2\/users\/1"}],"replies":[{"embeddable":true,"href":"https:\/\/lesquatzarts.com\/index.php\/wp-json\/wp\/v2\/comments?post=80"}],"version-history":[{"count":17,"href":"https:\/\/lesquatzarts.com\/index.php\/wp-json\/wp\/v2\/pages\/80\/revisions"}],"predecessor-version":[{"id":236,"href":"https:\/\/lesquatzarts.com\/index.php\/wp-json\/wp\/v2\/pages\/80\/revisions\/236"}],"wp:attachment":[{"href":"https:\/\/lesquatzarts.com\/index.php\/wp-json\/wp\/v2\/media?parent=80"}],"curies":[{"name":"wp","href":"https:\/\/api.w.org\/{rel}","templated":true}]}}