{"id":96,"date":"2025-11-13T10:54:36","date_gmt":"2025-11-13T09:54:36","guid":{"rendered":"https:\/\/lesquatzarts.com\/?page_id=96"},"modified":"2026-03-28T13:35:17","modified_gmt":"2026-03-28T12:35:17","slug":"on-en-parle","status":"publish","type":"page","link":"https:\/\/lesquatzarts.com\/index.php\/on-en-parle\/","title":{"rendered":"On en parle"},"content":{"rendered":"\n<h2 class=\"wp-block-heading\">Blog<\/h2>\n\n\n\n<p>Marguerite La Rochelaise<br>Interview du 27\/03\/2026<\/p>\n\n\n\n<p><a href=\"https:\/\/www.margueritelarochelaise.com\/rencontre-avec-les-quatzarts\/\" data-type=\"link\" data-id=\"https:\/\/www.margueritelarochelaise.com\/rencontre-avec-les-quatzarts\/\">Lire l&rsquo;article<\/a><\/p>\n\n\n\n<figure class=\"wp-block-image size-full\"><a href=\"https:\/\/www.margueritelarochelaise.com\/rencontre-avec-les-quatzarts\/\"><img loading=\"lazy\" decoding=\"async\" width=\"749\" height=\"564\" src=\"https:\/\/lesquatzarts.com\/wp-content\/uploads\/2026\/03\/Capture-decran-2026-03-28-a-13.22.08.png\" alt=\"\" class=\"wp-image-238\" srcset=\"https:\/\/lesquatzarts.com\/wp-content\/uploads\/2026\/03\/Capture-decran-2026-03-28-a-13.22.08.png 749w, https:\/\/lesquatzarts.com\/wp-content\/uploads\/2026\/03\/Capture-decran-2026-03-28-a-13.22.08-300x226.png 300w\" sizes=\"auto, (max-width: 706px) 89vw, (max-width: 767px) 82vw, 740px\" \/><\/a><\/figure>\n\n\n\n<h2 class=\"wp-block-heading\">T\u00e9l\u00e9vision<\/h2>\n\n\n\n<p>Ici 19\/20 \u2013 Atlantique <br>\u00c9mission du mardi 3 f\u00e9vrier 2026 <br>Reportage de Yann Sala\u00fcn et Christelle Nicolas<\/p>\n\n\n\n<figure class=\"wp-block-video\"><video height=\"1080\" style=\"aspect-ratio: 1920 \/ 1080;\" width=\"1920\" controls src=\"https:\/\/lesquatzarts.com\/wp-content\/uploads\/2026\/02\/Quat_Zarts.mp4\"><\/video><\/figure>\n\n\n\n<h2 class=\"wp-block-heading\">Radio<\/h2>\n\n\n\n<p>Ici La Rochelle, \u00ab Vivre ici dans les deux Charentes \u00bb, \u00e9mission du 12\/11\/2025<\/p>\n\n\n\n<figure class=\"wp-block-image size-full is-resized\"><a href=\"https:\/\/www.francebleu.fr\/emissions\/vivre-ici-dans-les-2-charentes\/arnaud-et-michaele-ont-lance-un-lieu-qui-combine-leurs-passions-la-librairie-disquaire-les-quat-z-arts-a-la-rochelle-1329270\"><img loading=\"lazy\" decoding=\"async\" width=\"717\" height=\"673\" src=\"https:\/\/lesquatzarts.com\/wp-content\/uploads\/2025\/11\/Capture-decran-2025-11-14-a-09.13.03.png\" alt=\"\" class=\"wp-image-120\" style=\"width:457px;height:auto\" srcset=\"https:\/\/lesquatzarts.com\/wp-content\/uploads\/2025\/11\/Capture-decran-2025-11-14-a-09.13.03.png 717w, https:\/\/lesquatzarts.com\/wp-content\/uploads\/2025\/11\/Capture-decran-2025-11-14-a-09.13.03-300x282.png 300w\" sizes=\"auto, (max-width: 717px) 100vw, 717px\" \/><\/a><\/figure>\n\n\n\n<h2 class=\"wp-block-heading\">Presse \u00e9crite<\/h2>\n\n\n\n<p>Sud Ouest, rubrique \u00ab Culture \u00bb, article de S\u00e9bastien Hervier du 26\/11\/25<\/p>\n\n\n\n<figure class=\"wp-block-image size-large\"><a href=\"https:\/\/www.sudouest.fr\/culture\/la-rochelle-librairie-d-art-et-disquaire-les-quat-z-arts-s-installent-rue-dupaty-26866090.php\"><img loading=\"lazy\" decoding=\"async\" width=\"1024\" height=\"714\" src=\"https:\/\/lesquatzarts.com\/wp-content\/uploads\/2025\/12\/Capture-decran-2025-11-27-a-17.57.16-1024x714.png\" alt=\"\" class=\"wp-image-163\" srcset=\"https:\/\/lesquatzarts.com\/wp-content\/uploads\/2025\/12\/Capture-decran-2025-11-27-a-17.57.16-1024x714.png 1024w, https:\/\/lesquatzarts.com\/wp-content\/uploads\/2025\/12\/Capture-decran-2025-11-27-a-17.57.16-300x209.png 300w, https:\/\/lesquatzarts.com\/wp-content\/uploads\/2025\/12\/Capture-decran-2025-11-27-a-17.57.16-768x535.png 768w, https:\/\/lesquatzarts.com\/wp-content\/uploads\/2025\/12\/Capture-decran-2025-11-27-a-17.57.16.png 1026w\" sizes=\"auto, (max-width: 706px) 89vw, (max-width: 767px) 82vw, 740px\" \/><\/a><\/figure>\n\n\n\n<h2 class=\"wp-block-heading\">Presse \u00e9crite<\/h2>\n\n\n\n<p>Sud Ouest, version papier du jeudi 4 d\u00e9cembre 2025<\/p>\n\n\n\n<figure class=\"wp-block-image size-large\"><img loading=\"lazy\" decoding=\"async\" width=\"802\" height=\"1024\" src=\"https:\/\/lesquatzarts.com\/wp-content\/uploads\/2025\/12\/Sud-802x1024.jpg\" alt=\"\" class=\"wp-image-170\" srcset=\"https:\/\/lesquatzarts.com\/wp-content\/uploads\/2025\/12\/Sud-802x1024.jpg 802w, https:\/\/lesquatzarts.com\/wp-content\/uploads\/2025\/12\/Sud-235x300.jpg 235w, https:\/\/lesquatzarts.com\/wp-content\/uploads\/2025\/12\/Sud-768x980.jpg 768w, https:\/\/lesquatzarts.com\/wp-content\/uploads\/2025\/12\/Sud-1204x1536.jpg 1204w, https:\/\/lesquatzarts.com\/wp-content\/uploads\/2025\/12\/Sud-1605x2048.jpg 1605w, https:\/\/lesquatzarts.com\/wp-content\/uploads\/2025\/12\/Sud.jpg 1858w\" sizes=\"auto, (max-width: 706px) 89vw, (max-width: 767px) 82vw, 740px\" \/><\/figure>\n","protected":false},"excerpt":{"rendered":"<p>Blog Marguerite La RochelaiseInterview du 27\/03\/2026 Lire l&rsquo;article T\u00e9l\u00e9vision Ici 19\/20 \u2013 Atlantique \u00c9mission du mardi 3 f\u00e9vrier 2026 Reportage de Yann Sala\u00fcn et Christelle Nicolas Radio Ici La Rochelle, \u00ab Vivre ici dans les deux Charentes \u00bb, \u00e9mission du 12\/11\/2025 Presse \u00e9crite Sud Ouest, rubrique \u00ab Culture \u00bb, article de S\u00e9bastien Hervier du 26\/11\/25 &hellip; <\/p>\n<p class=\"link-more\"><a href=\"https:\/\/lesquatzarts.com\/index.php\/on-en-parle\/\" class=\"more-link\">Continuer la lecture<span class=\"screen-reader-text\"> de &laquo;&nbsp;On en parle&nbsp;&raquo;<\/span><\/a><\/p>\n","protected":false},"author":1,"featured_media":0,"parent":0,"menu_order":0,"comment_status":"closed","ping_status":"closed","template":"","meta":{"footnotes":""},"class_list":["post-96","page","type-page","status-publish","hentry"],"_links":{"self":[{"href":"https:\/\/lesquatzarts.com\/index.php\/wp-json\/wp\/v2\/pages\/96","targetHints":{"allow":["GET"]}}],"collection":[{"href":"https:\/\/lesquatzarts.com\/index.php\/wp-json\/wp\/v2\/pages"}],"about":[{"href":"https:\/\/lesquatzarts.com\/index.php\/wp-json\/wp\/v2\/types\/page"}],"author":[{"embeddable":true,"href":"https:\/\/lesquatzarts.com\/index.php\/wp-json\/wp\/v2\/users\/1"}],"replies":[{"embeddable":true,"href":"https:\/\/lesquatzarts.com\/index.php\/wp-json\/wp\/v2\/comments?post=96"}],"version-history":[{"count":16,"href":"https:\/\/lesquatzarts.com\/index.php\/wp-json\/wp\/v2\/pages\/96\/revisions"}],"predecessor-version":[{"id":240,"href":"https:\/\/lesquatzarts.com\/index.php\/wp-json\/wp\/v2\/pages\/96\/revisions\/240"}],"wp:attachment":[{"href":"https:\/\/lesquatzarts.com\/index.php\/wp-json\/wp\/v2\/media?parent=96"}],"curies":[{"name":"wp","href":"https:\/\/api.w.org\/{rel}","templated":true}]}}